{"id":184,"date":"2025-04-18T16:30:15","date_gmt":"2025-04-18T14:30:15","guid":{"rendered":"https:\/\/www.linformagicien.fr\/?page_id=184"},"modified":"2025-04-24T08:12:16","modified_gmt":"2025-04-24T06:12:16","slug":"mentions-legales","status":"publish","type":"page","link":"https:\/\/www.linformagicien.fr\/index.php\/mentions-legales\/","title":{"rendered":"Mentions L\u00e9gales"},"content":{"rendered":"\n<h2 class=\"wp-block-heading\">Informations l\u00e9gales<\/h2>\n\n\n\n<div style=\"height:30px\" aria-hidden=\"true\" class=\"wp-block-spacer\"><\/div>\n\n\n\n<h3 class=\"wp-block-heading\">Propri\u00e9t\u00e9 intellectuelle<\/h3>\n\n\n\n<div style=\"height:30px\" aria-hidden=\"true\" class=\"wp-block-spacer\"><\/div>\n\n\n\n<p><strong><em>L&rsquo;Informagicien<\/em><\/strong>(c) est une marque d\u00e9pos\u00e9e aupr\u00e8s de l&rsquo;INPI. Elle est la propri\u00e9t\u00e9 exclusive de M. Christophe MENU. Tous droits r\u00e9serv\u00e9s.<\/p>\n\n\n\n<div style=\"height:30px\" aria-hidden=\"true\" class=\"wp-block-spacer\"><\/div>\n\n\n\n<p>L\u2019ensemble des contenus pr\u00e9sents sur le site (textes, images, logo, charte graphique, etc.) sont <\/p>\n\n\n\n<ul class=\"wp-block-list\">\n<li>La propri\u00e9t\u00e9 exclusive de <strong><em>l&rsquo;Informagicien<\/em><\/strong>(c),<\/li>\n\n\n\n<li>Utilis\u00e9es avec l&rsquo;autorisation exclusive des ayants droits <\/li>\n<\/ul>\n\n\n\n<p>Toute reproduction, distribution, modification ou adaptation, m\u00eame partielle, est strictement interdite sans l\u2019autorisation pr\u00e9alable de l\u2019\u00e9diteur.<\/p>\n\n\n\n<div style=\"height:30px\" aria-hidden=\"true\" class=\"wp-block-spacer\"><\/div>\n\n\n\n<h3 class=\"wp-block-heading\">\u00c9diteur du site<\/h3>\n\n\n\n<div style=\"height:30px\" aria-hidden=\"true\" class=\"wp-block-spacer\"><\/div>\n\n\n\n<p><strong><em>L&rsquo;Informagicien<\/em><\/strong>(c) &#8211; Christophe MENU (E.I.)<br>Christophe MENU<br>Entreprise individuelle<br>38 rue de la Morandi\u00e8re<br>37230 Fondettes<br>France<\/p>\n\n\n\n<p>Num\u00e9ro SIRET : 817439953 00032<\/p>\n\n\n\n<div style=\"height:30px\" aria-hidden=\"true\" class=\"wp-block-spacer\"><\/div>\n\n\n\n<p>Responsable de la publication : Christophe MENU (AKA : <strong><em>L&rsquo;informagicien<\/em><\/strong>(c) )<br>Adresse e-mail : christophe.menu@linformagicien.fr<br>T\u00e9l\u00e9phone : +33(0)7.68.42.92.84<\/p>\n\n\n\n<div style=\"height:30px\" aria-hidden=\"true\" class=\"wp-block-spacer\"><\/div>\n\n\n\n<h3 class=\"wp-block-heading\">H\u00e9bergeur<\/h3>\n\n\n\n<div style=\"height:30px\" aria-hidden=\"true\" class=\"wp-block-spacer\"><\/div>\n\n\n\n<p><strong>Nom de l\u2019h\u00e9bergeur<\/strong> : Scaleway<br>Adresse : 8 rue de la ville l&rsquo;eveque 75008 PARIS<br>Site web : <a href=\"https:\/\/www.linformagicien.fr\/\">https:\/\/www.linformagicien.fr\/<\/a><\/p>\n\n\n\n<div style=\"height:30px\" aria-hidden=\"true\" class=\"wp-block-spacer\"><\/div>\n\n\n\n<h3 class=\"wp-block-heading\">Donn\u00e9es personnelles<\/h3>\n\n\n\n<div style=\"height:30px\" aria-hidden=\"true\" class=\"wp-block-spacer\"><\/div>\n\n\n\n<p>Ce site ne collecte des donn\u00e9es personnelles que dans le cadre des \u00e9changes via les formulaires de contact, demande de devis, formulaire d&rsquo;inscription.<\/p>\n\n\n\n<div style=\"height:30px\" aria-hidden=\"true\" class=\"wp-block-spacer\"><\/div>\n\n\n\n<p>Les informations recueillies ne sont utilis\u00e9es que pour vous contacter. Elles ne sont jamais c\u00e9d\u00e9es ou vendues \u00e0 des tiers.<\/p>\n\n\n\n<div style=\"height:30px\" aria-hidden=\"true\" class=\"wp-block-spacer\"><\/div>\n\n\n\n<p>Conform\u00e9ment au R\u00e8glement G\u00e9n\u00e9ral sur la Protection des Donn\u00e9es (RGPD), vous disposez d\u2019un droit d\u2019acc\u00e8s, de rectification et de suppression de vos donn\u00e9es. Pour exercer ce droit, contactez-moi \u00e0 l\u2019adresse suivante : contact@linformagicien.fr<\/p>\n\n\n\n<div style=\"height:30px\" aria-hidden=\"true\" class=\"wp-block-spacer\"><\/div>\n\n\n\n<h3 class=\"wp-block-heading\">Cookies<\/h3>\n\n\n\n<div style=\"height:30px\" aria-hidden=\"true\" class=\"wp-block-spacer\"><\/div>\n\n\n\n<p>Ce site n&rsquo;utilise pas de cookies. <\/p>\n\n\n\n<div style=\"height:30px\" aria-hidden=\"true\" class=\"wp-block-spacer\"><\/div>\n\n\n\n<h3 class=\"wp-block-heading\">Droit applicable<\/h3>\n\n\n\n<div style=\"height:30px\" aria-hidden=\"true\" class=\"wp-block-spacer\"><\/div>\n\n\n\n<p>Le pr\u00e9sent site, ainsi que Christophe MENU (E.I.) sont soumis au droit fran\u00e7ais. En cas de litige, les tribunaux fran\u00e7ais seront seuls comp\u00e9tents.<\/p>\n","protected":false},"excerpt":{"rendered":"<p>Informations l\u00e9gales Propri\u00e9t\u00e9 intellectuelle L&rsquo;Informagicien(c) est une marque d\u00e9pos\u00e9e aupr\u00e8s de l&rsquo;INPI. Elle est la propri\u00e9t\u00e9 exclusive de M. Christophe MENU. Tous droits r\u00e9serv\u00e9s. L\u2019ensemble des contenus pr\u00e9sents sur le site (textes, images, logo, charte graphique, etc.) sont Toute reproduction, distribution, modification ou adaptation, m\u00eame partielle, est strictement interdite sans l\u2019autorisation pr\u00e9alable de l\u2019\u00e9diteur. \u00c9diteur [&hellip;]<\/p>\n","protected":false},"author":1,"featured_media":0,"parent":0,"menu_order":0,"comment_status":"closed","ping_status":"closed","template":"","meta":{"footnotes":""},"class_list":["post-184","page","type-page","status-publish","hentry"],"_links":{"self":[{"href":"https:\/\/www.linformagicien.fr\/index.php\/wp-json\/wp\/v2\/pages\/184","targetHints":{"allow":["GET"]}}],"collection":[{"href":"https:\/\/www.linformagicien.fr\/index.php\/wp-json\/wp\/v2\/pages"}],"about":[{"href":"https:\/\/www.linformagicien.fr\/index.php\/wp-json\/wp\/v2\/types\/page"}],"author":[{"embeddable":true,"href":"https:\/\/www.linformagicien.fr\/index.php\/wp-json\/wp\/v2\/users\/1"}],"replies":[{"embeddable":true,"href":"https:\/\/www.linformagicien.fr\/index.php\/wp-json\/wp\/v2\/comments?post=184"}],"version-history":[{"count":4,"href":"https:\/\/www.linformagicien.fr\/index.php\/wp-json\/wp\/v2\/pages\/184\/revisions"}],"predecessor-version":[{"id":250,"href":"https:\/\/www.linformagicien.fr\/index.php\/wp-json\/wp\/v2\/pages\/184\/revisions\/250"}],"wp:attachment":[{"href":"https:\/\/www.linformagicien.fr\/index.php\/wp-json\/wp\/v2\/media?parent=184"}],"curies":[{"name":"wp","href":"https:\/\/api.w.org\/{rel}","templated":true}]}}