{"id":20,"date":"2024-03-03T09:21:39","date_gmt":"2024-03-03T08:21:39","guid":{"rendered":"https:\/\/www.linformagicien.fr\/?page_id=20"},"modified":"2025-04-28T16:13:02","modified_gmt":"2025-04-28T14:13:02","slug":"a-propos","status":"publish","type":"page","link":"https:\/\/www.linformagicien.fr\/index.php\/a-propos\/","title":{"rendered":"A Propos"},"content":{"rendered":"\n<div class=\"wp-block-media-text is-stacked-on-mobile is-image-fill-element\"><figure class=\"wp-block-media-text__media\"><img loading=\"lazy\" decoding=\"async\" width=\"763\" height=\"1024\" src=\"https:\/\/www.linformagicien.fr\/wp-content\/uploads\/2025\/04\/Photo-Profil-763x1024.jpg\" alt=\"\" class=\"wp-image-286 size-full\" style=\"object-position:53% 13%\" srcset=\"https:\/\/www.linformagicien.fr\/wp-content\/uploads\/2025\/04\/Photo-Profil-763x1024.jpg 763w, https:\/\/www.linformagicien.fr\/wp-content\/uploads\/2025\/04\/Photo-Profil-223x300.jpg 223w, https:\/\/www.linformagicien.fr\/wp-content\/uploads\/2025\/04\/Photo-Profil.jpg 768w\" sizes=\"auto, (max-width: 763px) 100vw, 763px\" \/><\/figure><div class=\"wp-block-media-text__content\">\n<p>Je me pr\u00e9sente, Christophe MENU. Apr\u00e8s 26 ans dans le domaine de la prestation de services, certains \u00e9v\u00e9nements m&rsquo;ont donn\u00e9 envie de passer le cap de l&rsquo;ind\u00e9pendance.<br>Depuis mes 10 ans, j&rsquo;ai un ordinateur entre les mains. D&rsquo;abord pour le jeu, ne nous mentons pas. Mais quand j&rsquo;ai appris au lyc\u00e9e que je pouvais en faire mon m\u00e9tier, \u00e7a a sonn\u00e9 comme une \u00e9vidence.<\/p>\n<\/div><\/div>\n\n\n\n<div style=\"height:30px\" aria-hidden=\"true\" class=\"wp-block-spacer\"><\/div>\n\n\n\n<p>Ensuite, je me suis export\u00e9 pendant 15 ans en r\u00e9gion parisienne o\u00f9 j&rsquo;ai pu exercer bon nombre des m\u00e9tiers de l&rsquo;informatique, mais toujours dans les Infrastructures \u00e0 forte criticit\u00e9. J&rsquo;ai eu l&rsquo;opportunit\u00e9 de travailler pour de grands comptes comme Total, EDF, Sagem S\u00e9curit\u00e9, Sanofi, etc.. Par la suite, je suis rentr\u00e9 sur Tours en 2016, pour rejoindre la personne qui est maintenant ma Femme.<\/p>\n\n\n\n<div style=\"height:30px\" aria-hidden=\"true\" class=\"wp-block-spacer\"><\/div>\n\n\n\n<div class=\"wp-block-media-text has-media-on-the-right is-stacked-on-mobile\"><div class=\"wp-block-media-text__content\">\n<p>Fin 2023, j&rsquo;ai d\u00e9cid\u00e9 de me lancer comme Ind\u00e9pendant et j&rsquo;ai cr\u00e9\u00e9 <strong><em>CMCV Consult<\/em><\/strong>, un cabinet Conseil qui propose d&rsquo;accompagner les ind\u00e9pendants et TPE sur les chemins tortueux de la S\u00e9curit\u00e9 et de la Gestion Informatique.<\/p>\n<\/div><figure class=\"wp-block-media-text__media\"><a href=\"https:\/\/www.cmcvconsult.com\"><img loading=\"lazy\" decoding=\"async\" width=\"1024\" height=\"508\" src=\"https:\/\/www.linformagicien.fr\/wp-content\/uploads\/2024\/03\/Logo-Sobre-1024x508.jpg\" alt=\"CMCV\" class=\"wp-image-10 size-full\" srcset=\"https:\/\/www.linformagicien.fr\/wp-content\/uploads\/2024\/03\/Logo-Sobre-1024x508.jpg 1024w, https:\/\/www.linformagicien.fr\/wp-content\/uploads\/2024\/03\/Logo-Sobre-300x149.jpg 300w, https:\/\/www.linformagicien.fr\/wp-content\/uploads\/2024\/03\/Logo-Sobre-768x381.jpg 768w, https:\/\/www.linformagicien.fr\/wp-content\/uploads\/2024\/03\/Logo-Sobre-1536x762.jpg 1536w, https:\/\/www.linformagicien.fr\/wp-content\/uploads\/2024\/03\/Logo-Sobre-2048x1016.jpg 2048w\" sizes=\"auto, (max-width: 1024px) 100vw, 1024px\" \/><\/a><\/figure><\/div>\n\n\n\n<div style=\"height:30px\" aria-hidden=\"true\" class=\"wp-block-spacer\"><\/div>\n\n\n\n<div class=\"wp-block-media-text is-stacked-on-mobile\"><figure class=\"wp-block-media-text__media\"><img loading=\"lazy\" decoding=\"async\" width=\"576\" height=\"160\" src=\"https:\/\/www.linformagicien.fr\/wp-content\/uploads\/2025\/04\/tempo2.png\" alt=\"\" class=\"wp-image-287 size-full\" srcset=\"https:\/\/www.linformagicien.fr\/wp-content\/uploads\/2025\/04\/tempo2.png 576w, https:\/\/www.linformagicien.fr\/wp-content\/uploads\/2025\/04\/tempo2-300x83.png 300w\" sizes=\"auto, (max-width: 576px) 100vw, 576px\" \/><\/figure><div class=\"wp-block-media-text__content\">\n<p>Afin de partager des tutos et conseils sur la toile, j&rsquo;ai cr\u00e9\u00e9 une Chaine Youtube du nom de l&rsquo;Informagicien.<br>\u00c0 force de me pr\u00e9senter comme <strong><em>l&rsquo;Informagicien<\/em><\/strong>, c&rsquo;est ce nom que les personnes retiennent, j&rsquo;ai donc naturellement d\u00e9cid\u00e9 de n&rsquo;utiliser que ce nom.<\/p>\n<\/div><\/div>\n\n\n\n<div style=\"height:30px\" aria-hidden=\"true\" class=\"wp-block-spacer\"><\/div>\n\n\n\n<p>Que ce soit CMCV Consult, ou l&rsquo;Informagicien, pour moi, c&rsquo;est bien plus qu&rsquo;une entreprise, c&rsquo;est un concept. Celui de venir en aide aux ind\u00e9pendants et entreprises qui n&rsquo;ont pas d&rsquo;informaticien. <\/p>\n","protected":false},"excerpt":{"rendered":"<p>Je me pr\u00e9sente, Christophe MENU. Apr\u00e8s 26 ans dans le domaine de la prestation de services, certains \u00e9v\u00e9nements m&rsquo;ont donn\u00e9 envie de passer le cap de l&rsquo;ind\u00e9pendance.Depuis mes 10 ans, j&rsquo;ai un ordinateur entre les mains. D&rsquo;abord pour le jeu, ne nous mentons pas. Mais quand j&rsquo;ai appris au lyc\u00e9e que je pouvais en faire [&hellip;]<\/p>\n","protected":false},"author":1,"featured_media":0,"parent":0,"menu_order":0,"comment_status":"closed","ping_status":"closed","template":"","meta":{"footnotes":""},"class_list":["post-20","page","type-page","status-publish","hentry"],"_links":{"self":[{"href":"https:\/\/www.linformagicien.fr\/index.php\/wp-json\/wp\/v2\/pages\/20","targetHints":{"allow":["GET"]}}],"collection":[{"href":"https:\/\/www.linformagicien.fr\/index.php\/wp-json\/wp\/v2\/pages"}],"about":[{"href":"https:\/\/www.linformagicien.fr\/index.php\/wp-json\/wp\/v2\/types\/page"}],"author":[{"embeddable":true,"href":"https:\/\/www.linformagicien.fr\/index.php\/wp-json\/wp\/v2\/users\/1"}],"replies":[{"embeddable":true,"href":"https:\/\/www.linformagicien.fr\/index.php\/wp-json\/wp\/v2\/comments?post=20"}],"version-history":[{"count":7,"href":"https:\/\/www.linformagicien.fr\/index.php\/wp-json\/wp\/v2\/pages\/20\/revisions"}],"predecessor-version":[{"id":289,"href":"https:\/\/www.linformagicien.fr\/index.php\/wp-json\/wp\/v2\/pages\/20\/revisions\/289"}],"wp:attachment":[{"href":"https:\/\/www.linformagicien.fr\/index.php\/wp-json\/wp\/v2\/media?parent=20"}],"curies":[{"name":"wp","href":"https:\/\/api.w.org\/{rel}","templated":true}]}}