{"id":272,"date":"2025-04-28T15:04:04","date_gmt":"2025-04-28T13:04:04","guid":{"rendered":"https:\/\/www.linformagicien.fr\/?page_id=272"},"modified":"2025-10-06T18:43:05","modified_gmt":"2025-10-06T16:43:05","slug":"les-services","status":"publish","type":"page","link":"https:\/\/www.linformagicien.fr\/index.php\/les-services\/","title":{"rendered":"Les Services"},"content":{"rendered":"\n<p>La liste des services ci-dessous n&rsquo;est pas exhaustive, mais donne un aper\u00e7u de ce que <strong><em>l&rsquo;Informagicien<\/em><\/strong>(c) peut faire pour vous<\/p>\n\n\n\n<div style=\"height:30px\" aria-hidden=\"true\" class=\"wp-block-spacer\"><\/div>\n\n\n\n<h2 class=\"wp-block-heading\">Avant tout\u2026<\/h2>\n\n\n\n<div style=\"height:30px\" aria-hidden=\"true\" class=\"wp-block-spacer\"><\/div>\n\n\n\n<div class=\"wp-block-group has-border-color has-accent-2-border-color is-vertical is-content-justification-center is-layout-flex wp-container-core-group-is-layout-ce155fab wp-block-group-is-layout-flex\" style=\"border-top-left-radius:42px;border-top-right-radius:42px;border-bottom-left-radius:0px;border-bottom-right-radius:42px\">\n<h3 class=\"wp-block-heading has-text-align-center\" id=\"analyse\" style=\"padding-top:var(--wp--preset--spacing--20);padding-bottom:var(--wp--preset--spacing--20)\">Analyse de votre entreprise<\/h3>\n\n\n\n<div style=\"height:0px\" aria-hidden=\"true\" class=\"wp-block-spacer wp-container-content-cf2db169\"><\/div>\n\n\n\n<p style=\"padding-right:var(--wp--preset--spacing--20);padding-left:var(--wp--preset--spacing--20)\">Pour savoir de quoi vous avez besoin, il est imp\u00e9ratif de vous connaitre, connaitre vos sp\u00e9cificit\u00e9s, votre environnement et vos ressources. C&rsquo;est la base saine et une \u00e9tape obligatoire \u00e0 toute prestation.<\/p>\n\n\n\n<p style=\"padding-top:var(--wp--preset--spacing--20);padding-bottom:var(--wp--preset--spacing--20)\">Les pr\u00e9conisations et conseils ne sont pertinents que s&rsquo;ils sont adapt\u00e9s et personnalis\u00e9s<\/p>\n<\/div>\n\n\n\n<div style=\"height:30px\" aria-hidden=\"true\" class=\"wp-block-spacer\"><\/div>\n\n\n\n<h2 class=\"wp-block-heading\">Les Plans de crise<\/h2>\n\n\n\n<div style=\"height:30px\" aria-hidden=\"true\" class=\"wp-block-spacer\"><\/div>\n\n\n\n<div class=\"wp-block-group has-border-color has-accent-1-darker-border-color is-vertical is-content-justification-center is-layout-flex wp-container-core-group-is-layout-bc1c67bb wp-block-group-is-layout-flex\" style=\"border-top-left-radius:42px;border-top-right-radius:42px;border-bottom-left-radius:0px;border-bottom-right-radius:42px;padding-top:var(--wp--preset--spacing--20);padding-right:var(--wp--preset--spacing--20);padding-bottom:var(--wp--preset--spacing--20);padding-left:var(--wp--preset--spacing--20)\">\n<h3 class=\"wp-block-heading has-text-align-center\" id=\"PCA\">le Plan de Continuit\u00e9 d&rsquo;Activit\u00e9<\/h3>\n\n\n\n<div style=\"height:0px\" aria-hidden=\"true\" class=\"wp-block-spacer wp-container-content-cf2db169\"><\/div>\n\n\n\n<p>C&rsquo;est la r\u00e9ponse \u00e0 une question cruciale : Comment m&rsquo;assurer que mon activit\u00e9 puisse continuer en cas de probl\u00e8me informatique grave ? Voyons \u00e7a ensemble et profitons que tout aille bien pour s&rsquo;assurer que \u00e7a continue.<\/p>\n<\/div>\n\n\n\n<div style=\"height:30px\" aria-hidden=\"true\" class=\"wp-block-spacer\"><\/div>\n\n\n\n<div class=\"wp-block-group has-border-color has-accent-1-darker-border-color is-vertical is-content-justification-center is-layout-flex wp-container-core-group-is-layout-bc1c67bb wp-block-group-is-layout-flex\" style=\"border-top-left-radius:42px;border-top-right-radius:42px;border-bottom-left-radius:0px;border-bottom-right-radius:42px;padding-top:var(--wp--preset--spacing--20);padding-right:var(--wp--preset--spacing--20);padding-bottom:var(--wp--preset--spacing--20);padding-left:var(--wp--preset--spacing--20)\">\n<h3 class=\"wp-block-heading has-text-align-center\" id=\"PRA\">le Plan de Reprise d&rsquo;Activit\u00e9<\/h3>\n\n\n\n<div style=\"height:0px\" aria-hidden=\"true\" class=\"wp-block-spacer wp-container-content-cf2db169\"><\/div>\n\n\n\n<p>En cas de d\u00e9sastre majeur, qui bloque votre activit\u00e9, il faut savoir comment r\u00e9agir, et \u00e7a se pr\u00e9pare \u00e0 l&rsquo;avance. Personne n&rsquo;est \u00e0 l&rsquo;abri d&rsquo;un incendie, un cambriolage et parce qu&rsquo;il n&rsquo;y a pas que la menace \u00ab\u00a0Cyber\u00a0\u00bb, il est vital pour votre activit\u00e9 d&rsquo;anticiper les catastrophes.<\/p>\n<\/div>\n\n\n\n<div style=\"height:30px\" aria-hidden=\"true\" class=\"wp-block-spacer\"><\/div>\n\n\n\n<h2 class=\"wp-block-heading\">Les Bilans<\/h2>\n\n\n\n<div style=\"height:30px\" aria-hidden=\"true\" class=\"wp-block-spacer\"><\/div>\n\n\n\n<div class=\"wp-block-group has-border-color has-accent-2-border-color is-vertical is-content-justification-center is-layout-flex wp-container-core-group-is-layout-ce155fab wp-block-group-is-layout-flex\" style=\"border-top-left-radius:42px;border-top-right-radius:42px;border-bottom-left-radius:0px;border-bottom-right-radius:42px\">\n<h3 class=\"wp-block-heading has-text-align-center\" id=\"bilan\" style=\"padding-top:var(--wp--preset--spacing--20);padding-bottom:var(--wp--preset--spacing--20)\">Bilan Infrastructure et pr\u00e9conisations<\/h3>\n\n\n\n<div style=\"height:0px\" aria-hidden=\"true\" class=\"wp-block-spacer wp-container-content-cf2db169\"><\/div>\n\n\n\n<p style=\"padding-right:var(--wp--preset--spacing--20);padding-left:var(--wp--preset--spacing--20)\">Je fais le tour de votre informatique afin de voir ensemble ce qui pourrait \u00eatre am\u00e9lior\u00e9. L&rsquo;objectif premier est de professionnaliser votre infrastructure num\u00e9rique en ad\u00e9quation avec vos besoins, vos objectifs, vos sp\u00e9cificit\u00e9s et surtout, vos ressources.<\/p>\n\n\n\n<div style=\"height:0px\" aria-hidden=\"true\" class=\"wp-block-spacer wp-container-content-cf2db169\"><\/div>\n\n\n\n<p style=\"padding-top:var(--wp--preset--spacing--20);padding-right:var(--wp--preset--spacing--20);padding-bottom:var(--wp--preset--spacing--20);padding-left:var(--wp--preset--spacing--20)\">Vous faire des pr\u00e9conisations ou vous donner des conseils que vous ne pouvez pas mettre en place, parce qu&rsquo;elles ne sont pas adapt\u00e9es, c&rsquo;est inutile. Vous et moi n&rsquo;avons pas de temps \u00e0 perdre <\/p>\n<\/div>\n\n\n\n<div style=\"height:30px\" aria-hidden=\"true\" class=\"wp-block-spacer\"><\/div>\n\n\n\n<div class=\"wp-block-group has-border-color has-accent-2-border-color is-vertical is-content-justification-center is-layout-flex wp-container-core-group-is-layout-ce155fab wp-block-group-is-layout-flex\" style=\"border-top-left-radius:42px;border-top-right-radius:42px;border-bottom-left-radius:0px;border-bottom-right-radius:42px\">\n<h3 class=\"wp-block-heading has-text-align-center\" id=\"bilan\" style=\"padding-top:var(--wp--preset--spacing--20);padding-bottom:var(--wp--preset--spacing--20)\">Bilan S\u00e9curit\u00e9 Informatique et pr\u00e9conisations<\/h3>\n\n\n\n<div style=\"height:0px\" aria-hidden=\"true\" class=\"wp-block-spacer wp-container-content-cf2db169\"><\/div>\n\n\n\n<p style=\"padding-right:var(--wp--preset--spacing--20);padding-left:var(--wp--preset--spacing--20)\">Concentrons-nous sur la s\u00e9curit\u00e9 de votre infrastructure. Au-del\u00e0 des risques \u00ab\u00a0Cyber\u00a0\u00bb, ce bilan se concentre sur la r\u00e9silience de votre infrastructure, mais \u00e9galement sur vos habitudes.<\/p>\n\n\n\n<div style=\"height:0px\" aria-hidden=\"true\" class=\"wp-block-spacer wp-container-content-cf2db169\"><\/div>\n\n\n\n<p style=\"padding-top:var(--wp--preset--spacing--20);padding-right:var(--wp--preset--spacing--20);padding-bottom:var(--wp--preset--spacing--20);padding-left:var(--wp--preset--spacing--20)\">Chez les Ind\u00e9pendants et les TPE, pr\u00e8s de 80% des risques sont g\u00e9rables en mettant en place les \u00ab\u00a0Bonnes Pratiques du Num\u00e9rique\u00a0\u00bb, ou en faisant de la configuration. Certains points, comme les sauvegardes, n\u00e9cessitent souvent un peu d&rsquo;investissement.<\/p>\n<\/div>\n\n\n\n<div style=\"height:30px\" aria-hidden=\"true\" class=\"wp-block-spacer\"><\/div>\n\n\n\n<h2 class=\"wp-block-heading\">La Gestion<\/h2>\n\n\n\n<div style=\"height:30px\" aria-hidden=\"true\" class=\"wp-block-spacer\"><\/div>\n\n\n\n<div class=\"wp-block-group has-border-color has-accent-1-darker-border-color is-vertical is-content-justification-center is-layout-flex wp-container-core-group-is-layout-bc1c67bb wp-block-group-is-layout-flex\" style=\"border-top-left-radius:42px;border-top-right-radius:42px;border-bottom-left-radius:0px;border-bottom-right-radius:42px;padding-top:var(--wp--preset--spacing--20);padding-right:var(--wp--preset--spacing--20);padding-bottom:var(--wp--preset--spacing--20);padding-left:var(--wp--preset--spacing--20)\">\n<h3 class=\"wp-block-heading has-text-align-center\" id=\"gestionparc\" style=\"padding-top:var(--wp--preset--spacing--20);padding-bottom:var(--wp--preset--spacing--20)\">Gestion de parc<\/h3>\n\n\n\n<div style=\"height:0px\" aria-hidden=\"true\" class=\"wp-block-spacer wp-container-content-cf2db169\"><\/div>\n\n\n\n<p style=\"padding-right:var(--wp--preset--spacing--20);padding-left:var(--wp--preset--spacing--20)\">Apr\u00e8s avoir fait le tour de votre informatique, il est temps d&rsquo;agir. Nous allons travailler ensemble pour am\u00e9liorer et professionnaliser votre informatique. L&rsquo;objectif est de faire en sorte qu&rsquo;elle soit un outil au service de votre activit\u00e9. Je me charge de sa bonne sant\u00e9, de vous proposer les \u00e9volutions et r\u00e9pondre \u00e0 toutes vos questions.<\/p>\n<\/div>\n\n\n\n<div style=\"height:30px\" aria-hidden=\"true\" class=\"wp-block-spacer\"><\/div>\n\n\n\n<div class=\"wp-block-group has-border-color has-accent-1-darker-border-color is-vertical is-content-justification-center is-layout-flex wp-container-core-group-is-layout-bc1c67bb wp-block-group-is-layout-flex\" style=\"border-top-left-radius:42px;border-top-right-radius:42px;border-bottom-left-radius:0px;border-bottom-right-radius:42px;padding-top:var(--wp--preset--spacing--20);padding-right:var(--wp--preset--spacing--20);padding-bottom:var(--wp--preset--spacing--20);padding-left:var(--wp--preset--spacing--20)\">\n<h3 class=\"wp-block-heading has-text-align-center\" id=\"gestionpresta\">Gestion de vos prestataires<\/h3>\n\n\n\n<div style=\"height:0px\" aria-hidden=\"true\" class=\"wp-block-spacer wp-container-content-cf2db169\"><\/div>\n\n\n\n<p>Nous avons tous des prestataires informatiques. Que ce soit votre fournisseur d&rsquo;acc\u00e8s \u00e0 internet, votre fournisseur de messagerie, l&rsquo;\u00e9diteur du logiciel de comptabilit\u00e9 et bient\u00f4t la facturation \u00e9lectronique&#8230; Autant de personnes ou de services qui ne parlent pas le m\u00eame langage que vous et vous fournissent des services g\u00e9n\u00e9riques. Je parle leur langue, je vous traduis et je me charge de faire valoir vos besoins aupr\u00e8s d&rsquo;eux. Je m&rsquo;occupe \u00e9galement de m&rsquo;assurer qu&rsquo;ils respectent bien leurs engagements et qu&rsquo;ils ne vous vendent pas des services inutiles.<\/p>\n<\/div>\n\n\n\n<div style=\"height:30px\" aria-hidden=\"true\" class=\"wp-block-spacer\"><\/div>\n\n\n\n<div class=\"wp-block-group has-border-color has-accent-1-darker-border-color is-vertical is-content-justification-center is-layout-flex wp-container-core-group-is-layout-bc1c67bb wp-block-group-is-layout-flex\" style=\"border-top-left-radius:42px;border-top-right-radius:42px;border-bottom-left-radius:0px;border-bottom-right-radius:42px;padding-top:var(--wp--preset--spacing--20);padding-right:var(--wp--preset--spacing--20);padding-bottom:var(--wp--preset--spacing--20);padding-left:var(--wp--preset--spacing--20)\">\n<h3 class=\"wp-block-heading has-text-align-center\" id=\"gestionproj\">Gestion de projets<\/h3>\n\n\n\n<div style=\"height:0px\" aria-hidden=\"true\" class=\"wp-block-spacer wp-container-content-cf2db169\"><\/div>\n\n\n\n<p>Au-del\u00e0 de l&rsquo;\u00e9volution standard de votre informatique, vous souhaitez sans doute avoir une strat\u00e9gie num\u00e9rique ? La vraie question est surtout de savoir ce que les technologies \u00e9mergentes peuvent vous apporter. Voyons \u00e7a ensemble et d\u00e9finissons des projets \u00e0 mettre en place. Je vous accompagne dans leurs r\u00e9alisations.<\/p>\n<\/div>\n\n\n\n<div style=\"height:30px\" aria-hidden=\"true\" class=\"wp-block-spacer\"><\/div>\n\n\n\n<div class=\"wp-block-buttons is-content-justification-center is-layout-flex wp-container-core-buttons-is-layout-a89b3969 wp-block-buttons-is-layout-flex\">\n<div class=\"wp-block-button\"><a class=\"wp-block-button__link wp-element-button\" href=\"https:\/\/www.linformagicien.fr\/index.php\/demande-de-devis\/\">Demande de devis<\/a><\/div>\n<\/div>\n\n\n\n<div style=\"height:30px\" aria-hidden=\"true\" class=\"wp-block-spacer\"><\/div>\n","protected":false},"excerpt":{"rendered":"<p>La liste des services ci-dessous n&rsquo;est pas exhaustive, mais donne un aper\u00e7u de ce que l&rsquo;Informagicien(c) peut faire pour vous Avant tout\u2026 Analyse de votre entreprise Pour savoir de quoi vous avez besoin, il est imp\u00e9ratif de vous connaitre, connaitre vos sp\u00e9cificit\u00e9s, votre environnement et vos ressources. C&rsquo;est la base saine et une \u00e9tape obligatoire [&hellip;]<\/p>\n","protected":false},"author":1,"featured_media":0,"parent":0,"menu_order":0,"comment_status":"closed","ping_status":"closed","template":"","meta":{"footnotes":""},"class_list":["post-272","page","type-page","status-publish","hentry"],"_links":{"self":[{"href":"https:\/\/www.linformagicien.fr\/index.php\/wp-json\/wp\/v2\/pages\/272","targetHints":{"allow":["GET"]}}],"collection":[{"href":"https:\/\/www.linformagicien.fr\/index.php\/wp-json\/wp\/v2\/pages"}],"about":[{"href":"https:\/\/www.linformagicien.fr\/index.php\/wp-json\/wp\/v2\/types\/page"}],"author":[{"embeddable":true,"href":"https:\/\/www.linformagicien.fr\/index.php\/wp-json\/wp\/v2\/users\/1"}],"replies":[{"embeddable":true,"href":"https:\/\/www.linformagicien.fr\/index.php\/wp-json\/wp\/v2\/comments?post=272"}],"version-history":[{"count":13,"href":"https:\/\/www.linformagicien.fr\/index.php\/wp-json\/wp\/v2\/pages\/272\/revisions"}],"predecessor-version":[{"id":371,"href":"https:\/\/www.linformagicien.fr\/index.php\/wp-json\/wp\/v2\/pages\/272\/revisions\/371"}],"wp:attachment":[{"href":"https:\/\/www.linformagicien.fr\/index.php\/wp-json\/wp\/v2\/media?parent=272"}],"curies":[{"name":"wp","href":"https:\/\/api.w.org\/{rel}","templated":true}]}}